{"id":338,"date":"2018-08-08T15:08:49","date_gmt":"2018-08-08T14:08:49","guid":{"rendered":"https:\/\/vmcoachingfr.wordpress.com\/?page_id=338"},"modified":"2021-05-26T11:21:21","modified_gmt":"2021-05-26T09:21:21","slug":"bilan-de-developpement-professionnel","status":"publish","type":"page","link":"https:\/\/vm-coaching.fr\/index.php\/bilan-de-developpement-professionnel\/","title":{"rendered":"Bilan de d\u00e9veloppement professionnel"},"content":{"rendered":"\t\t<div data-elementor-type=\"wp-page\" data-elementor-id=\"338\" class=\"elementor elementor-338\">\n\t\t\t\t\t\t<section class=\"elementor-section elementor-top-section elementor-element elementor-element-470ff03 elementor-section-boxed elementor-section-height-default elementor-section-height-default\" data-id=\"470ff03\" data-element_type=\"section\" data-e-type=\"section\">\n\t\t\t\t\t\t<div class=\"elementor-container elementor-column-gap-default\">\n\t\t\t\t\t<div class=\"elementor-column elementor-col-100 elementor-top-column elementor-element elementor-element-3ff9d180\" data-id=\"3ff9d180\" data-element_type=\"column\" data-e-type=\"column\">\n\t\t\t<div class=\"elementor-widget-wrap elementor-element-populated\">\n\t\t\t\t\t\t<div class=\"elementor-element elementor-element-72ca68fd elementor-widget elementor-widget-text-editor\" data-id=\"72ca68fd\" data-element_type=\"widget\" data-e-type=\"widget\" data-widget_type=\"text-editor.default\">\n\t\t\t\t<div class=\"elementor-widget-container\">\n\t\t\t\t\t\t\t\t\t<p><strong><img decoding=\"async\" class=\"alignright wp-image-463 size-medium\" src=\"https:\/\/vm-coaching.fr\/wp-content\/uploads\/2018\/08\/deve-bilan-pro-300x119.jpg\" alt=\"\" width=\"300\" height=\"119\" srcset=\"https:\/\/vm-coaching.fr\/wp-content\/uploads\/2018\/08\/deve-bilan-pro-300x119.jpg 300w, https:\/\/vm-coaching.fr\/wp-content\/uploads\/2018\/08\/deve-bilan-pro-1024x405.jpg 1024w, https:\/\/vm-coaching.fr\/wp-content\/uploads\/2018\/08\/deve-bilan-pro-768x304.jpg 768w, https:\/\/vm-coaching.fr\/wp-content\/uploads\/2018\/08\/deve-bilan-pro-1536x608.jpg 1536w, https:\/\/vm-coaching.fr\/wp-content\/uploads\/2018\/08\/deve-bilan-pro-2048x810.jpg 2048w, https:\/\/vm-coaching.fr\/wp-content\/uploads\/2018\/08\/deve-bilan-pro-1568x620.jpg 1568w\" sizes=\"(max-width: 300px) 100vw, 300px\" \/><\/strong><\/p><p><span style=\"font-size: 18px; color: #993366;\"> Ce bilan s&rsquo;appuie sur les comp\u00e9tences, les exp\u00e9riences&#8230; les besoins en formation, en respectant les valeurs fortes de l&rsquo;individu et tient compte des aspirations profondes, au plus pr\u00e8s des r\u00e9alit\u00e9s de celui-ci.<\/span><\/p><p><strong>Ce coaching permet de :<\/strong><\/p><ul><li><span style=\"font-size: 18px;\"> <span style=\"color: #575756;\"> Construire une posture personnelle solide<\/span><\/span><\/li><li><span style=\"font-size: 18px;\"> <span style=\"color: #575756;\">Asseoir une responsabilit\u00e9 personnelle<\/span><\/span><\/li><li><span style=\"font-size: 18px;\"> <span style=\"color: #575756;\">Identifier, valoriser et renforcer les comp\u00e9tences professionnelles et extra-professionnelles<\/span><\/span><\/li><li><span style=\"font-size: 18px;\"> <span style=\"color: #575756;\">\u00catre proactif<\/span><\/span><\/li><li><span style=\"font-size: 18px;\"> <span style=\"color: #575756;\">Acqu\u00e9rir une logique de d\u00e9veloppement personnel et professionnel<\/span><\/span><\/li><li><span style=\"font-size: 18px;\"> <span style=\"color: #575756;\">Renforcer motivation et implication, donner un nouveau souffle \u00e0 sa carri\u00e8re<\/span><\/span><\/li><li><span style=\"font-size: 18px;\"> <span style=\"color: #575756;\">D\u00e9velopper et optimiser ressources, comp\u00e9tences et talents<\/span><\/span><\/li><li><span style=\"font-size: 18px;\"> <span style=\"color: #575756;\">Eclairer la coh\u00e9rence entre l&rsquo;identit\u00e9 d&rsquo;un individu, sa fonction, son r\u00f4le, ses comportements et ses comp\u00e9tences. Mettre en \u0153uvre d&rsquo;une fa\u00e7on p\u00e9renne un projet professionnel solide et motivant.<\/span><\/span><\/li><\/ul><h2>Le d\u00e9roul\u00e9 en cinq s\u00e9ances :<\/h2><ul><li><span style=\"color: #993366;\">S\u00e9ance 1 :<\/span> Analyse de votre demande, de votre parcours et de vos objectifs d&rsquo;accompagnement.<\/li><li><span style=\"color: #993366;\">S\u00e9ance 2\u00a0 :<\/span> Exploration de vos objectifs d\u2019\u00e9volution professionnelle et de pistes \u00e9mergentes. (un travail de recherche peut commencer entre les s\u00e9ances).<\/li><li><span style=\"color: #993366;\">S\u00e9ance 3\u00a0 :<\/span> Identification de vos comp\u00e9tences professionnelles et de vos ressources personnelles. Point sur l\u2019avancement de vos recherches m\u00e9tiers.<\/li><li><span style=\"color: #993366;\">S\u00e9ance 4\u00a0 :<\/span> Restitution de votre travail de recherche et des pistes les plus pertinentes. (Approfondissement \u00e9ventuel de la connaissance m\u00e9tier).<\/li><li><span style=\"color: #993366;\">S\u00e9ance 5\u00a0 :<\/span> D\u00e9finition du Plan d\u2019action permettant d\u2019\u00e9voluer en autonomie une fois l\u2019accompagnement termin\u00e9.<\/li><\/ul><p><span style=\"color: #993366;\">Ce coaching peut se prolonger par par une ou deux s\u00e9ances d&rsquo;accompagnement aux techniques de recherche d&#8217;emploi.<\/span><\/p>\t\t\t\t\t\t\t\t<\/div>\n\t\t\t\t<\/div>\n\t\t\t\t\t<\/div>\n\t\t<\/div>\n\t\t\t\t\t<\/div>\n\t\t<\/section>\n\t\t\t\t<\/div>\n\t\t","protected":false},"excerpt":{"rendered":"<p>Ce bilan s&rsquo;appuie sur les comp\u00e9tences, les exp\u00e9riences&#8230; les besoins en formation, en respectant les valeurs fortes de l&rsquo;individu et tient compte des aspirations profondes, au plus pr\u00e8s des r\u00e9alit\u00e9s de celui-ci. Ce coaching permet de : Construire une posture personnelle solide Asseoir une responsabilit\u00e9 personnelle Identifier, valoriser et renforcer [&hellip;]<\/p>\n","protected":false},"author":2,"featured_media":0,"parent":0,"menu_order":0,"comment_status":"closed","ping_status":"closed","template":"","meta":{"footnotes":""},"class_list":["post-338","page","type-page","status-publish","hentry"],"_links":{"self":[{"href":"https:\/\/vm-coaching.fr\/index.php\/wp-json\/wp\/v2\/pages\/338","targetHints":{"allow":["GET"]}}],"collection":[{"href":"https:\/\/vm-coaching.fr\/index.php\/wp-json\/wp\/v2\/pages"}],"about":[{"href":"https:\/\/vm-coaching.fr\/index.php\/wp-json\/wp\/v2\/types\/page"}],"author":[{"embeddable":true,"href":"https:\/\/vm-coaching.fr\/index.php\/wp-json\/wp\/v2\/users\/2"}],"replies":[{"embeddable":true,"href":"https:\/\/vm-coaching.fr\/index.php\/wp-json\/wp\/v2\/comments?post=338"}],"version-history":[{"count":19,"href":"https:\/\/vm-coaching.fr\/index.php\/wp-json\/wp\/v2\/pages\/338\/revisions"}],"predecessor-version":[{"id":1526,"href":"https:\/\/vm-coaching.fr\/index.php\/wp-json\/wp\/v2\/pages\/338\/revisions\/1526"}],"wp:attachment":[{"href":"https:\/\/vm-coaching.fr\/index.php\/wp-json\/wp\/v2\/media?parent=338"}],"curies":[{"name":"wp","href":"https:\/\/api.w.org\/{rel}","templated":true}]}}