{"id":34,"date":"2018-02-07T17:33:08","date_gmt":"2018-02-07T16:33:08","guid":{"rendered":"http:\/\/vm-coaching.fr\/?page_id=34"},"modified":"2021-02-07T19:31:56","modified_gmt":"2021-02-07T18:31:56","slug":"coaching-professionnel","status":"publish","type":"page","link":"https:\/\/vm-coaching.fr\/index.php\/coaching-professionnel\/","title":{"rendered":"Coaching d&rsquo; Entreprises"},"content":{"rendered":"\n<h2 class=\"wp-block-heading\">Le coaching<\/h2>\n\n\n<p style=\"text-align: justify;\">Le coaching s&rsquo;int\u00e9resse \u00e0 votre ADN : la m\u00e9moire de votre entreprise,\u00a0 sa puissance vitale et sa r\u00e9sistance naturelle.<\/p>\n<p style=\"text-align: justify;\"><span style=\"color: #800080;\">Vous vous interroger sur la mani\u00e8re la plus juste d&rsquo;op\u00e9rer les changements sans toucher \u00e0 votre ADN ?<\/span><\/p>\n<p style=\"text-align: justify;\">Le coaching est une approche centr\u00e9e sur le c\u0153ur positif de votre organisation, sur ce qu&rsquo;elle a de meilleur, sur ses possibilit\u00e9s et surtout sur ses qualit\u00e9s. C&rsquo;est une approche centr\u00e9e sur les solutions, qui vous permettra de v\u00e9rifier la coh\u00e9rence de vos actions avec vos intentions, vous permettant de faire \u00e9merger l&rsquo;intelligence collective de votre organisation, parce qu&rsquo;elle est vivante.<\/p>\n<p style=\"text-align: justify;\"><span style=\"color: #800080;\">Vous vous interrogez sur la mani\u00e8re de lever vos doutes, les confusions de vos collaborateurs ?<\/span><\/p>\n<p style=\"text-align: justify;\">Que vous soyez dirigeant ou manager, un processus de coaching peut vous aider \u00e0 mieux vous conna\u00eetre, \u00e0 rep\u00e9rer vos points de vigilance, \u00e0 g\u00e9rer les ressentis de vos collaborateurs et \u00e0 apaiser les tensions dans vos \u00e9quipes face au changement ; il vous accompagne \u00e0 prendre conscience de vos fonctionnements.<\/p>\n<p style=\"text-align: justify;\"><span style=\"color: #800080;\">Comment se d\u00e9roule l&rsquo;accompagnement :<\/span><\/p>\n<p style=\"text-align: justify;\">Lors de notre premi\u00e8re rencontre, nous d\u00e9finissons ensemble la probl\u00e9matique sur laquelle vous d\u00e9sirez travailler et les objectifs que vous souhaitez atteindre.<\/p>\n<p style=\"text-align: justify;\">Je vous explique ma m\u00e9thode et nous d\u00e9cidons si nous avons envie de travailler ensemble.<\/p>\n<p style=\"text-align: justify;\">Si tel est le cas, nous signons un contrat qui tient compte du code de d\u00e9ontologie auquel j&rsquo;adh\u00e8re :\u00a0 <span style=\"color: #800080;\"><a style=\"color: #800080;\" href=\"https:\/\/www.emccfrance.org\/deontologie-coach-mentors\/\" target=\"_blank\" rel=\"noopener noreferrer\">EMCC<\/a><\/span>. Je vous accompagne en toute confidentialit\u00e9.<\/p>\n<p style=\"text-align: justify;\">Dans le cas d&rsquo;un coaching de collaborateur, nous concluons un accord tripartite.<\/p>\n\n\n<h2 class=\"wp-block-heading\">La formation<\/h2>\n\n\n\n<p>VM COACHING dispense diff\u00e9rentes formations dans le domaine de la communication en direction de vos collaborateurs : <\/p>\n\n\n\n<p>Ces formations sont compl\u00e8tement individualis\u00e9es selon vos besoins :<\/p>\n\n\n\n<ul class=\"wp-block-list\"><li>Parler en public (r\u00e9union, pr\u00e9sentation, discours&#8230;)<\/li><li>Former\/informer ses coll\u00e8gues<\/li><li>Conduite des diff\u00e9rents entretiens tout au long de l&rsquo;ann\u00e9e (motivation, d\u00e9l\u00e9gation, recadrage, fixation d&rsquo;objectifs, embauche &#8230;)<\/li><li>Communication positive et non violente<\/li><\/ul>\n\n\n\n<p>Contactez-nous pour nous faire part de vos besoins et de vos attentes, nous vous cr\u00e9erons une formation sp\u00e9cifique.<\/p>\n","protected":false},"excerpt":{"rendered":"<p>Le coaching Le coaching s&rsquo;int\u00e9resse \u00e0 votre ADN : la m\u00e9moire de votre entreprise,\u00a0 sa puissance vitale et sa r\u00e9sistance naturelle. Vous vous interroger sur la mani\u00e8re la plus juste d&rsquo;op\u00e9rer les changements sans toucher \u00e0 votre ADN ? Le coaching est une approche centr\u00e9e sur le c\u0153ur positif de [&hellip;]<\/p>\n","protected":false},"author":2,"featured_media":0,"parent":0,"menu_order":3,"comment_status":"closed","ping_status":"closed","template":"","meta":{"footnotes":""},"class_list":["post-34","page","type-page","status-publish","hentry"],"_links":{"self":[{"href":"https:\/\/vm-coaching.fr\/index.php\/wp-json\/wp\/v2\/pages\/34","targetHints":{"allow":["GET"]}}],"collection":[{"href":"https:\/\/vm-coaching.fr\/index.php\/wp-json\/wp\/v2\/pages"}],"about":[{"href":"https:\/\/vm-coaching.fr\/index.php\/wp-json\/wp\/v2\/types\/page"}],"author":[{"embeddable":true,"href":"https:\/\/vm-coaching.fr\/index.php\/wp-json\/wp\/v2\/users\/2"}],"replies":[{"embeddable":true,"href":"https:\/\/vm-coaching.fr\/index.php\/wp-json\/wp\/v2\/comments?post=34"}],"version-history":[{"count":3,"href":"https:\/\/vm-coaching.fr\/index.php\/wp-json\/wp\/v2\/pages\/34\/revisions"}],"predecessor-version":[{"id":1398,"href":"https:\/\/vm-coaching.fr\/index.php\/wp-json\/wp\/v2\/pages\/34\/revisions\/1398"}],"wp:attachment":[{"href":"https:\/\/vm-coaching.fr\/index.php\/wp-json\/wp\/v2\/media?parent=34"}],"curies":[{"name":"wp","href":"https:\/\/api.w.org\/{rel}","templated":true}]}}