{"id":341,"date":"2018-08-08T15:08:51","date_gmt":"2018-08-08T14:08:51","guid":{"rendered":"https:\/\/vmcoachingfr.wordpress.com\/?page_id=341"},"modified":"2021-05-21T16:32:19","modified_gmt":"2021-05-21T14:32:19","slug":"coaching-scolaire","status":"publish","type":"page","link":"https:\/\/vm-coaching.fr\/index.php\/coaching-scolaire\/","title":{"rendered":"Etudiants"},"content":{"rendered":"<p><span style=\"color:#1641cc;\">Le coaching vient en parall\u00e8le des cours suivis et vient aussi compl\u00e9ter le travail des conseillers d&rsquo;orientation.<\/span><\/p>\n<p><strong>Il peut \u00eatre individuel pour traiter une demande sp\u00e9cifique :<\/strong><\/p>\n<ul>\n<li class=\"font_8\">D\u00e9finir une orientation scolaire<\/li>\n<li class=\"font_8\">G\u00e9rer et organiser son temps pour optimiser ses r\u00e9visions<\/li>\n<li class=\"font_8\">Se pr\u00e9parer mentalement avant les examens et la g\u00e9rer son stress pendant les \u00e9preuves<\/li>\n<li class=\"font_8\">Faire face \u00e0 des situations de communication conflictuelles<\/li>\n<\/ul>\n<p class=\"font_8\"><strong>Ou dispens\u00e9 en ateliers de groupe, pendant les vacances scolaires&nbsp; (prochaines dates \u00e0 d\u00e9finir) <\/strong><\/p>\n<div id=\"comp-jlqu1m38__item1inlineContent-gridWrapper\">\n<div id=\"comp-jlqu1m38__item1inlineContent-gridContainer\">\n<div id=\"comp-jlqu1m8u__item1\" class=\"style-jtaddxxj\">\n<p class=\"font_8\">&nbsp;Ils se d\u00e9roulent sur deux jours :&nbsp; 10h &#8211; 12h30, 14h &#8211; 17h<\/p>\n<p>Groupes de 6 \u00e0 8 jeunes &#8211;&nbsp; Places \u00e0 r\u00e9server \u00e0 l&rsquo;avance.<\/p>\n<\/div>\n<div id=\"comp-jlqu1mdy__item1\" class=\"style-jtaddxxj\">\n<ul>\n<li class=\"font_8\">Acqu\u00e9rir des m\u00e9thodes d&rsquo;organisation<\/li>\n<li class=\"font_8\">Comprendre et&nbsp; utiliser des outils d&rsquo;apprentissage<\/li>\n<li class=\"font_8\">S&rsquo;entrainer pour les \u00e9preuves orales<\/li>\n<li class=\"font_8\">\u00c9viter les blocages et les situations de tension.<\/li>\n<\/ul>\n<\/div>\n<\/div>\n<\/div>\n<p style=\"text-align:justify;\">Mon exp\u00e9rience dans l&rsquo;enseignement et la formation m&rsquo;a convaincue<span class=\"ILfuVd yZ8quc\"> qu&rsquo;il n&rsquo;y a pas un seul type d&rsquo;intelligence pour r\u00e9ussir <\/span><span class=\"ILfuVd yZ8quc\">et que la r\u00e9ussite d&rsquo;une vie professionnelle s&rsquo;inscrit dans l&rsquo;ad\u00e9quation \u00e0 ses valeurs profondes.<br \/>\n<\/span><\/p>\n<p style=\"text-align:justify;\"><span class=\"ILfuVd yZ8quc\">Que vous soyez coll\u00e9gien, lyc\u00e9en, \u00e9tudiant ou adulte en formation, je vous accompagne \u00e0 d\u00e9couvrir votre profil d&rsquo;apprentissage, \u00e0 mieux vous conna\u00eetre afin de lever vos difficult\u00e9s et de favoriser l&rsquo;\u00e9mergence de<strong> solutions adapt\u00e9es <\/strong>\u00e0 <strong>votre personnalit\u00e9.<\/strong> Ainsi, vous pouvez prendre confiance en vous et vous <strong>motiver<\/strong> pour atteindre de meilleurs r\u00e9sultats et <strong>r\u00e9ussir votre projet professionnel<\/strong>.<br \/>\n<\/span><\/p>\n<p><strong>Objectifs :<\/strong><\/p>\n<ul>\n<li>Favoriser la <strong>responsabilit\u00e9<\/strong> et l&rsquo;autonomie<\/li>\n<li>Retrouver le <strong>plaisir d&rsquo;apprendre<\/strong> tout en respectant ses besoins essentiels<\/li>\n<li>Renforcer l&rsquo;<strong>entente<\/strong> et la <strong>communication<\/strong> parents\/enfants<\/li>\n<li>Retrouver une <strong>meilleure collaboration<\/strong> parents\/professeurs<\/li>\n<li>Trouver un<strong> espace de parole bienveillant<\/strong> et non culpabilisant<\/li>\n<li><strong>Donner du sens<\/strong> \u00e0 ses \u00e9checs<\/li>\n<li>Restaurer <strong>estime de soi<\/strong> et <strong>confiance en soi<\/strong><\/li>\n<li>Retrouver la <strong>mise en mouvement<\/strong> qui m\u00e8ne \u00e0 la <strong>r\u00e9ussite<\/strong><\/li>\n<li><strong>Asseoir son projet professionnel.<\/strong><\/li>\n<\/ul>\n<p style=\"text-align:justify;\"><strong>Le processus de coaching doit \u00eatre accept\u00e9 par le jeune coach\u00e9 car il est bas\u00e9 sur l&rsquo;autonomie, la responsabilit\u00e9 et la mise en action qui en conditionnent la r\u00e9ussite.<\/strong><\/p>\n","protected":false},"excerpt":{"rendered":"<p>Le coaching vient en parall\u00e8le des cours suivis et vient aussi compl\u00e9ter le travail des conseillers d&rsquo;orientation. Il peut \u00eatre individuel pour traiter une demande sp\u00e9cifique : D\u00e9finir une orientation scolaire G\u00e9rer et organiser son temps pour optimiser ses r\u00e9visions Se pr\u00e9parer mentalement avant les examens et la g\u00e9rer son [&hellip;]<\/p>\n","protected":false},"author":2,"featured_media":0,"parent":0,"menu_order":0,"comment_status":"closed","ping_status":"closed","template":"","meta":{"footnotes":""},"class_list":["post-341","page","type-page","status-publish","hentry"],"_links":{"self":[{"href":"https:\/\/vm-coaching.fr\/index.php\/wp-json\/wp\/v2\/pages\/341","targetHints":{"allow":["GET"]}}],"collection":[{"href":"https:\/\/vm-coaching.fr\/index.php\/wp-json\/wp\/v2\/pages"}],"about":[{"href":"https:\/\/vm-coaching.fr\/index.php\/wp-json\/wp\/v2\/types\/page"}],"author":[{"embeddable":true,"href":"https:\/\/vm-coaching.fr\/index.php\/wp-json\/wp\/v2\/users\/2"}],"replies":[{"embeddable":true,"href":"https:\/\/vm-coaching.fr\/index.php\/wp-json\/wp\/v2\/comments?post=341"}],"version-history":[{"count":2,"href":"https:\/\/vm-coaching.fr\/index.php\/wp-json\/wp\/v2\/pages\/341\/revisions"}],"predecessor-version":[{"id":1497,"href":"https:\/\/vm-coaching.fr\/index.php\/wp-json\/wp\/v2\/pages\/341\/revisions\/1497"}],"wp:attachment":[{"href":"https:\/\/vm-coaching.fr\/index.php\/wp-json\/wp\/v2\/media?parent=341"}],"curies":[{"name":"wp","href":"https:\/\/api.w.org\/{rel}","templated":true}]}}