{"id":354,"date":"2018-08-08T15:23:48","date_gmt":"2018-08-08T14:23:48","guid":{"rendered":"https:\/\/vmcoachingfr.wordpress.com\/?page_id=354"},"modified":"2021-05-26T11:19:28","modified_gmt":"2021-05-26T09:19:28","slug":"dirigeants","status":"publish","type":"page","link":"https:\/\/vm-coaching.fr\/index.php\/dirigeants\/","title":{"rendered":"Coaching de Dirigeants"},"content":{"rendered":"\n<p class=\"has-text-color\" style=\"color:#79529d\">Une vision strat\u00e9gique, claire et dynamique, portera non seulement vos collaborateurs mais aussi vos clients.<\/p>\n\n\n\n<p class=\"has-text-color\" style=\"color:#79529d\"><strong>Le processus de coaching permettra :<\/strong><\/p>\n\n\n\n<ul class=\"has-black-color has-text-color wp-block-list\"><li>Un positionnement et une meilleure vision<\/li><li>La connaissance de vos points de vigilance<\/li><li>L&rsquo;\u00e9mergence et le partage de la culture centr\u00e9e sur des valeurs communes<\/li><li>Une coh\u00e9sion forte de vos collaborateurs<\/li><li>Un \u00e9quilibre entre votre vie professionnelle et votre vie priv\u00e9e<\/li><li>Une meilleure gestion de votre temps et de votre stress.<\/li><\/ul>\n\n\n\n<h3 class=\"has-text-color wp-block-heading\" style=\"color:#79529d\">Vous vous demandez ce que vos collaborateurs pensent de votre leadership ? Le 360\u00b0Feedback vous apporte rapidement une r\u00e9ponse fiable.<\/h3>\n\n\n\n<p class=\"has-text-align-left has-black-color has-text-color\">Vous voulez conna\u00eetre vos <strong>points forts et vos axes de progr\u00e8s<\/strong> ? Je vous accompagne dans un processus de <strong>360\u00b0Feedback<\/strong>. Cet outil accompagn\u00e9 par 3 s\u00e9ances de coaching devient un v\u00e9ritable <strong>processus de d\u00e9veloppement de votre potentiel<\/strong> . A l&rsquo;aide d&rsquo;un questionnaire en ligne (r\u00e9ponses anonymes) vous recueillez l&rsquo;ensemble des perceptions de votre entourage sur vos comportements observables en tant que dirigeant et vous les confrontez \u00e0 vos propres perceptions. En toute <strong>confidentialit\u00e9<\/strong>, vous travaillez sur votre <strong>plan de progr\u00e8s<\/strong> individuel, en \u00e9tablissant des <strong>objectifs<\/strong> et des <strong>indicateurs associ\u00e9s<\/strong>.<\/p>\n\n\n\n<p class=\"has-black-color has-text-color\">Vous vous mettez en<strong> action<\/strong>, fort de la connaissance de <strong>vos forces<\/strong>, de vos comp\u00e9tences reconnues, vous travaillez \u00e0 am\u00e9liorer <strong>vos axes de progr\u00e8s<\/strong>. Vos collaborateurs verront vite la diff\u00e9rence et <strong>vous gagnerez leur confiance<\/strong>.<\/p>\n\n\n\n<p class=\"has-black-color has-text-color\">Vous vous d\u00e9veloppez dans une <strong>dynamique bienveillante<\/strong> qui enclenche le changement de vos collaborateurs.<\/p>\n\n\n\n<div class=\"wp-block-image is-style-rounded\"><figure class=\"aligncenter size-large is-resized\"><img fetchpriority=\"high\" decoding=\"async\" src=\"https:\/\/vm-coaching.fr\/wp-content\/uploads\/2018\/08\/adult-brainstorming-briefing-1270950-1024x682.jpg\" alt=\"leadership\" class=\"wp-image-429\" width=\"461\" height=\"307\" srcset=\"https:\/\/vm-coaching.fr\/wp-content\/uploads\/2018\/08\/adult-brainstorming-briefing-1270950-1024x682.jpg 1024w, https:\/\/vm-coaching.fr\/wp-content\/uploads\/2018\/08\/adult-brainstorming-briefing-1270950-300x200.jpg 300w, https:\/\/vm-coaching.fr\/wp-content\/uploads\/2018\/08\/adult-brainstorming-briefing-1270950-768x512.jpg 768w, https:\/\/vm-coaching.fr\/wp-content\/uploads\/2018\/08\/adult-brainstorming-briefing-1270950-1536x1024.jpg 1536w, https:\/\/vm-coaching.fr\/wp-content\/uploads\/2018\/08\/adult-brainstorming-briefing-1270950-2048x1365.jpg 2048w, https:\/\/vm-coaching.fr\/wp-content\/uploads\/2018\/08\/adult-brainstorming-briefing-1270950-1568x1045.jpg 1568w\" sizes=\"(max-width: 461px) 100vw, 461px\" \/><\/figure><\/div>\n\n\n\n<p><\/p>\n\n\n\n<p><\/p>\n\n\n\n<p><\/p>\n","protected":false},"excerpt":{"rendered":"<p>Une vision strat\u00e9gique, claire et dynamique, portera non seulement vos collaborateurs mais aussi vos clients. Le processus de coaching permettra : Un positionnement et une meilleure vision La connaissance de vos points de vigilance L&rsquo;\u00e9mergence et le partage de la culture centr\u00e9e sur des valeurs communes Une coh\u00e9sion forte de [&hellip;]<\/p>\n","protected":false},"author":2,"featured_media":0,"parent":0,"menu_order":0,"comment_status":"closed","ping_status":"closed","template":"","meta":{"footnotes":""},"class_list":["post-354","page","type-page","status-publish","hentry"],"_links":{"self":[{"href":"https:\/\/vm-coaching.fr\/index.php\/wp-json\/wp\/v2\/pages\/354","targetHints":{"allow":["GET"]}}],"collection":[{"href":"https:\/\/vm-coaching.fr\/index.php\/wp-json\/wp\/v2\/pages"}],"about":[{"href":"https:\/\/vm-coaching.fr\/index.php\/wp-json\/wp\/v2\/types\/page"}],"author":[{"embeddable":true,"href":"https:\/\/vm-coaching.fr\/index.php\/wp-json\/wp\/v2\/users\/2"}],"replies":[{"embeddable":true,"href":"https:\/\/vm-coaching.fr\/index.php\/wp-json\/wp\/v2\/comments?post=354"}],"version-history":[{"count":12,"href":"https:\/\/vm-coaching.fr\/index.php\/wp-json\/wp\/v2\/pages\/354\/revisions"}],"predecessor-version":[{"id":1523,"href":"https:\/\/vm-coaching.fr\/index.php\/wp-json\/wp\/v2\/pages\/354\/revisions\/1523"}],"wp:attachment":[{"href":"https:\/\/vm-coaching.fr\/index.php\/wp-json\/wp\/v2\/media?parent=354"}],"curies":[{"name":"wp","href":"https:\/\/api.w.org\/{rel}","templated":true}]}}