{"id":355,"date":"2018-08-08T15:23:49","date_gmt":"2018-08-08T14:23:49","guid":{"rendered":"https:\/\/vmcoachingfr.wordpress.com\/?page_id=355"},"modified":"2021-05-26T11:09:15","modified_gmt":"2021-05-26T09:09:15","slug":"managers","status":"publish","type":"page","link":"https:\/\/vm-coaching.fr\/index.php\/managers\/","title":{"rendered":"Coaching de Managers"},"content":{"rendered":"\n<div class=\"wp-block-image is-style-rounded\"><figure class=\"aligncenter size-large is-resized\"><img fetchpriority=\"high\" decoding=\"async\" src=\"https:\/\/vm-coaching.fr\/wp-content\/uploads\/2018\/08\/manager-1024x405.jpg\" alt=\"\" class=\"wp-image-478\" width=\"443\" height=\"171\"\/><\/figure><\/div>\n\n\n\n<p class=\"has-black-color has-text-color\"><span style=\"font-size: 18px;\"><span style=\"color: #575756;\">Vos managers incarnent votre <strong>vision strat\u00e9gique<\/strong> et l\u2019image de votre entreprise aupr\u00e8s de vos collaborateurs et de vos clients. Leur <strong>r\u00f4le essentiel<\/strong> permet de <strong>faire grandir leurs \u00e9quipes<\/strong> et d\u00e9velopper votre organisation.<\/span><\/span><\/p>\n\n\n\n<h3 class=\"has-black-color has-text-color wp-block-heading\"><span style=\"font-size: 18px;\"><span style=\"color: #575756;\">Le coaching les accompagne dans leur posture manag\u00e9riale \u00e0 la r\u00e9ussite de leur mission et vous permet d\u2019envisager leur mont\u00e9e en comp\u00e9tences comme un puissant investissement.<\/span><\/span><\/h3>\n\n\n\n<h3 class=\"wp-block-heading\"><span style=\"font-size: 18px;\"><span style=\"color: #575756;\"><span style=\"color: #800080;\">Le processus de coaching permet de :<\/span> <\/span><\/span><\/h3>\n\n\n\n<ul class=\"has-black-color has-text-color wp-block-list\"><li>valoriser sa posture manag\u00e9riale (responsabilit\u00e9, autonomie, d\u00e9l\u00e9gation\u2026)<\/li><li>d\u00e9velopper un relationnel bienveillant et stimulant<\/li><li>savoir g\u00e9rer le temps et le stress<\/li><li>Identifier ses talents et d\u00e9velopper ses comp\u00e9tences<\/li><li>d\u00e9velopper les comp\u00e9tences et l\u2019autonomie de ses collaborateurs<\/li><li>valoriser les talents de son \u00e9quipe.<\/li><\/ul>\n\n\n\n<h4 class=\"wp-block-heading\"><span style=\"color: #800080;\">Les avantages pour vous :<\/span><\/h4>\n\n\n\n<ul class=\"has-black-color has-text-color wp-block-list\"><li>Le contexte de votre organisation et ses enjeux sont pris en compte, les prestations sont align\u00e9es sur vos valeurs et vos besoins<\/li><li>Vous \u00eates partie prenante du dispositif d&rsquo;accompagnement<\/li><li>Vous gagnez du temps et de l&rsquo;efficacit\u00e9 dans la mise en place de vos projets<\/li><li>Vous atteignez des performances op\u00e9rationnelles et humaines<\/li><li>Vous redonnez du sens \u00e0 l&rsquo;action et motivez vos managers<\/li><\/ul>\n\n\n\n<h3 class=\"wp-block-heading\"><span style=\"color: #800080;\"><strong>LE 360\u00b0 Feedback managers<br><\/strong><\/span><\/h3>\n\n\n\n<div class=\"wp-block-group\"><div class=\"wp-block-group__inner-container is-layout-flow wp-block-group-is-layout-flow\">\n<div class=\"wp-block-image\"><figure class=\"aligncenter size-large is-resized\"><img decoding=\"async\" src=\"https:\/\/vm-coaching.fr\/wp-content\/uploads\/2021\/04\/IMG-2821-700x1024.jpg\" alt=\"\" class=\"wp-image-1470\" width=\"391\" height=\"572\"\/><\/figure><\/div>\n\n\n\n<div class=\"wp-block-image\"><figure class=\"aligncenter size-large is-resized\"><img decoding=\"async\" src=\"https:\/\/vm-coaching.fr\/wp-content\/uploads\/2021\/04\/IMG-2822-719x1024.jpg\" alt=\"\" class=\"wp-image-1471\" width=\"391\" height=\"572\"\/><\/figure><\/div>\n<\/div><\/div>\n\n\n\n<p><\/p>\n","protected":false},"excerpt":{"rendered":"<p>Vos managers incarnent votre vision strat\u00e9gique et l\u2019image de votre entreprise aupr\u00e8s de vos collaborateurs et de vos clients. Leur r\u00f4le essentiel permet de faire grandir leurs \u00e9quipes et d\u00e9velopper votre organisation. Le coaching les accompagne dans leur posture manag\u00e9riale \u00e0 la r\u00e9ussite de leur mission et vous permet d\u2019envisager [&hellip;]<\/p>\n","protected":false},"author":2,"featured_media":0,"parent":0,"menu_order":0,"comment_status":"closed","ping_status":"closed","template":"","meta":{"footnotes":""},"class_list":["post-355","page","type-page","status-publish","hentry"],"_links":{"self":[{"href":"https:\/\/vm-coaching.fr\/index.php\/wp-json\/wp\/v2\/pages\/355","targetHints":{"allow":["GET"]}}],"collection":[{"href":"https:\/\/vm-coaching.fr\/index.php\/wp-json\/wp\/v2\/pages"}],"about":[{"href":"https:\/\/vm-coaching.fr\/index.php\/wp-json\/wp\/v2\/types\/page"}],"author":[{"embeddable":true,"href":"https:\/\/vm-coaching.fr\/index.php\/wp-json\/wp\/v2\/users\/2"}],"replies":[{"embeddable":true,"href":"https:\/\/vm-coaching.fr\/index.php\/wp-json\/wp\/v2\/comments?post=355"}],"version-history":[{"count":11,"href":"https:\/\/vm-coaching.fr\/index.php\/wp-json\/wp\/v2\/pages\/355\/revisions"}],"predecessor-version":[{"id":1515,"href":"https:\/\/vm-coaching.fr\/index.php\/wp-json\/wp\/v2\/pages\/355\/revisions\/1515"}],"wp:attachment":[{"href":"https:\/\/vm-coaching.fr\/index.php\/wp-json\/wp\/v2\/media?parent=355"}],"curies":[{"name":"wp","href":"https:\/\/api.w.org\/{rel}","templated":true}]}}