{"id":358,"date":"2018-08-08T15:23:50","date_gmt":"2018-08-08T14:23:50","guid":{"rendered":"https:\/\/vmcoachingfr.wordpress.com\/?page_id=358"},"modified":"2021-05-26T12:10:51","modified_gmt":"2021-05-26T10:10:51","slug":"equipes","status":"publish","type":"page","link":"https:\/\/vm-coaching.fr\/index.php\/equipes\/","title":{"rendered":"Coaching d&rsquo;\u00e9quipes"},"content":{"rendered":"\t\t<div data-elementor-type=\"wp-page\" data-elementor-id=\"358\" class=\"elementor elementor-358\">\n\t\t\t\t\t\t<section class=\"elementor-section elementor-top-section elementor-element elementor-element-86e713a elementor-section-boxed elementor-section-height-default elementor-section-height-default\" data-id=\"86e713a\" data-element_type=\"section\" data-e-type=\"section\">\n\t\t\t\t\t\t<div class=\"elementor-container elementor-column-gap-default\">\n\t\t\t\t\t<div class=\"elementor-column elementor-col-100 elementor-top-column elementor-element elementor-element-c808aa4\" data-id=\"c808aa4\" data-element_type=\"column\" data-e-type=\"column\">\n\t\t\t<div class=\"elementor-widget-wrap elementor-element-populated\">\n\t\t\t\t\t\t<div class=\"elementor-element elementor-element-9078e10 elementor-widget elementor-widget-heading\" data-id=\"9078e10\" data-element_type=\"widget\" data-e-type=\"widget\" data-widget_type=\"heading.default\">\n\t\t\t\t<div class=\"elementor-widget-container\">\n\t\t\t\t\t<h3 class=\"elementor-heading-title elementor-size-default\">\"Aucun de nous ne sait ce que nous savons ensemble\"<\/h3>\t\t\t\t<\/div>\n\t\t\t\t<\/div>\n\t\t\t\t<div class=\"elementor-element elementor-element-64c2014 elementor-widget elementor-widget-spacer\" data-id=\"64c2014\" data-element_type=\"widget\" data-e-type=\"widget\" data-widget_type=\"spacer.default\">\n\t\t\t\t<div class=\"elementor-widget-container\">\n\t\t\t\t\t\t\t<div class=\"elementor-spacer\">\n\t\t\t<div class=\"elementor-spacer-inner\"><\/div>\n\t\t<\/div>\n\t\t\t\t\t\t<\/div>\n\t\t\t\t<\/div>\n\t\t\t\t\t<\/div>\n\t\t<\/div>\n\t\t\t\t\t<\/div>\n\t\t<\/section>\n\t\t\t\t<section class=\"elementor-section elementor-top-section elementor-element elementor-element-8baedba elementor-section-stretched elementor-section-boxed elementor-section-height-default elementor-section-height-default\" data-id=\"8baedba\" data-element_type=\"section\" data-e-type=\"section\" data-settings=\"{&quot;stretch_section&quot;:&quot;section-stretched&quot;}\">\n\t\t\t\t\t\t<div class=\"elementor-container elementor-column-gap-default\">\n\t\t\t\t\t<div class=\"elementor-column elementor-col-50 elementor-top-column elementor-element elementor-element-609f9a2\" data-id=\"609f9a2\" data-element_type=\"column\" data-e-type=\"column\">\n\t\t\t<div class=\"elementor-widget-wrap elementor-element-populated\">\n\t\t\t\t\t\t<div class=\"elementor-element elementor-element-949e062 elementor-widget elementor-widget-image\" data-id=\"949e062\" data-element_type=\"widget\" data-e-type=\"widget\" data-widget_type=\"image.default\">\n\t\t\t\t<div class=\"elementor-widget-container\">\n\t\t\t\t\t\t\t\t\t\t\t\t\t\t\t<img fetchpriority=\"high\" decoding=\"async\" width=\"750\" height=\"501\" src=\"https:\/\/vm-coaching.fr\/wp-content\/uploads\/2018\/10\/cropped-cropped-fox-jia-254417-unsplash-scaled-1-768x513.jpg\" class=\"attachment-medium_large size-medium_large wp-image-1417\" alt=\"\" srcset=\"https:\/\/vm-coaching.fr\/wp-content\/uploads\/2018\/10\/cropped-cropped-fox-jia-254417-unsplash-scaled-1-768x513.jpg 768w, https:\/\/vm-coaching.fr\/wp-content\/uploads\/2018\/10\/cropped-cropped-fox-jia-254417-unsplash-scaled-1-300x200.jpg 300w, https:\/\/vm-coaching.fr\/wp-content\/uploads\/2018\/10\/cropped-cropped-fox-jia-254417-unsplash-scaled-1-1024x684.jpg 1024w, https:\/\/vm-coaching.fr\/wp-content\/uploads\/2018\/10\/cropped-cropped-fox-jia-254417-unsplash-scaled-1-1536x1025.jpg 1536w, https:\/\/vm-coaching.fr\/wp-content\/uploads\/2018\/10\/cropped-cropped-fox-jia-254417-unsplash-scaled-1-2048x1367.jpg 2048w, https:\/\/vm-coaching.fr\/wp-content\/uploads\/2018\/10\/cropped-cropped-fox-jia-254417-unsplash-scaled-1-1618x1080.jpg 1618w\" sizes=\"(max-width: 750px) 100vw, 750px\" \/>\t\t\t\t\t\t\t\t\t\t\t\t\t\t\t<\/div>\n\t\t\t\t<\/div>\n\t\t\t\t\t<\/div>\n\t\t<\/div>\n\t\t\t\t<div class=\"elementor-column elementor-col-50 elementor-top-column elementor-element elementor-element-599834f\" data-id=\"599834f\" data-element_type=\"column\" data-e-type=\"column\">\n\t\t\t<div class=\"elementor-widget-wrap elementor-element-populated\">\n\t\t\t\t\t\t<div class=\"elementor-element elementor-element-c8829aa elementor-widget elementor-widget-text-editor\" data-id=\"c8829aa\" data-element_type=\"widget\" data-e-type=\"widget\" data-widget_type=\"text-editor.default\">\n\t\t\t\t<div class=\"elementor-widget-container\">\n\t\t\t\t\t\t\t\t\t<p style=\"text-align: justify;\">La coh\u00e9sion repr\u00e9sente la phase de maturit\u00e9 d\u2019une \u00e9quipe, elle est la cl\u00e9 de sa r\u00e9ussite.<\/p><p style=\"text-align: justify;\"><strong>\u00ab Une \u00e9quipe n\u2019est pas un groupe de personnes qui travaillent ensemble, c&rsquo;est un groupe de personnes qui se font mutuellement confiance \u00bb<\/strong><\/p><p style=\"text-align: justify;\">Si vous souhaitez atteindre une logique participative et dynamique, cette intelligence collective portera l\u2019\u00e9quipe vers la r\u00e9ussite de ses projets en g\u00e9n\u00e9rant :<\/p><ul style=\"text-align: justify;\"><li>La capacit\u00e9 des individus \u00e0 r\u00e9soudre les conflits, en utilisant les comp\u00e9tences et les talents de chacun ;<\/li><li>La recherche d&rsquo;une collaboration et d&rsquo;une meilleure communication pour construire et exp\u00e9rimenter, conjointement,\u00a0 de nouvelles solutions pratiques afin de r\u00e9pondre aux d\u00e9fis rencontr\u00e9s et aux objectifs fix\u00e9s ;<\/li><li>La coh\u00e9sion et la confiance pour \u00eatre en capacit\u00e9 de cr\u00e9er une vision nouvelle en restant en accord avec l&rsquo;ADN de l&rsquo;entreprise, ses valeurs et ses besoins.<\/li><\/ul>\t\t\t\t\t\t\t\t<\/div>\n\t\t\t\t<\/div>\n\t\t\t\t\t<\/div>\n\t\t<\/div>\n\t\t\t\t\t<\/div>\n\t\t<\/section>\n\t\t\t\t<section class=\"elementor-section elementor-top-section elementor-element elementor-element-1bb67a3 elementor-section-stretched elementor-section-boxed elementor-section-height-default elementor-section-height-default\" data-id=\"1bb67a3\" data-element_type=\"section\" data-e-type=\"section\" data-settings=\"{&quot;stretch_section&quot;:&quot;section-stretched&quot;}\">\n\t\t\t\t\t\t<div class=\"elementor-container elementor-column-gap-default\">\n\t\t\t\t\t<div class=\"elementor-column elementor-col-100 elementor-top-column elementor-element elementor-element-a73f572\" data-id=\"a73f572\" data-element_type=\"column\" data-e-type=\"column\">\n\t\t\t<div class=\"elementor-widget-wrap elementor-element-populated\">\n\t\t\t\t\t\t<div class=\"elementor-element elementor-element-460e7ea elementor-widget elementor-widget-text-editor\" data-id=\"460e7ea\" data-element_type=\"widget\" data-e-type=\"widget\" data-widget_type=\"text-editor.default\">\n\t\t\t\t<div class=\"elementor-widget-container\">\n\t\t\t\t\t\t\t\t\t<p style=\"text-align: justify;\"><strong>Les ateliers<\/strong>\u00a0mettent en \u0153uvre des activit\u00e9s interactives structur\u00e9es et adapt\u00e9es \u00e0 la th\u00e9matique que vous aurez choisie et permettent d&rsquo;atteindre votre objectif. Ils d\u00e9veloppent l&rsquo;intelligence collective de vos \u00e9quipes en impliquant chacun de ses membres \u00e9motionnellement et intellectuellement.<\/p><p><strong>Le Coaching\u00a0<\/strong>\u00a0peut aussi s&rsquo;appuyer sur le cod\u00e9veloppement qui est une approche appr\u00e9ciative et positive.<br \/>Pour A. Payette et C. Champagne* \u00ab Le groupe de cod\u00e9veloppement professionnel consiste en une approche de groupe ouverte, collaborative et appr\u00e9ciative de r\u00e9flexion sur l\u2019action. Il vise \u00e0 constituer une communaut\u00e9 de pratique professionnelle autour d\u2019un nombre restreint de personnes (de 4 \u00e0 8) qui veulent se donner le temps et les moyens pour s\u2019entraider et apprendre ensemble afin de devenir plus efficaces. Ces personnes ont comme projet commun d\u2019expliciter leurs meilleures pratiques et se conseillent mutuellement pour \u00e9largir leur compr\u00e9hension et leurs strat\u00e9gies d\u2019action \u00e0 propos de leurs pr\u00e9occupations, probl\u00e8mes et projets ; elles peuvent aussi entreprendre des actions qui ont des impacts dans leur communaut\u00e9.\u00bb<br \/>Cette d\u00e9finition met en lumi\u00e8re les\u00a0<strong>4 notions phares<\/strong>\u00a0qui font de ce proc\u00e9d\u00e9 un outil puissant :<br \/>La verbalisation, la co-construction, la r\u00e9flexivit\u00e9 et l&rsquo;action.<\/p><p>Identifi\u00e9 comme un processus \u201cd\u2019action-formation\u201d ou \u201caction-learning\u201d, le cod\u00e9veloppement est source de performance pour l\u2019organisation et source d\u2019\u00e9panouissement pour les collaborateurs, si et seulement si l&rsquo;on con\u00e7oit qu&rsquo;une \u00e9quipe se construit et surtout s&rsquo;entretient.<br \/>*Le groupe de cod\u00e9veloppement professionnel, Adrien Payette et Claude Champagne, Presses de l\u2019Universit\u00e9 du Qu\u00e9bec, 1997<\/p>\t\t\t\t\t\t\t\t<\/div>\n\t\t\t\t<\/div>\n\t\t\t\t\t<\/div>\n\t\t<\/div>\n\t\t\t\t\t<\/div>\n\t\t<\/section>\n\t\t\t\t<\/div>\n\t\t","protected":false},"excerpt":{"rendered":"<p>\u00ab\u00a0Aucun de nous ne sait ce que nous savons ensemble\u00a0\u00bb La coh\u00e9sion repr\u00e9sente la phase de maturit\u00e9 d\u2019une \u00e9quipe, elle est la cl\u00e9 de sa r\u00e9ussite. \u00ab Une \u00e9quipe n\u2019est pas un groupe de personnes qui travaillent ensemble, c&rsquo;est un groupe de personnes qui se font mutuellement confiance \u00bb Si [&hellip;]<\/p>\n","protected":false},"author":2,"featured_media":1406,"parent":0,"menu_order":0,"comment_status":"closed","ping_status":"closed","template":"","meta":{"footnotes":""},"class_list":["post-358","page","type-page","status-publish","has-post-thumbnail","hentry"],"_links":{"self":[{"href":"https:\/\/vm-coaching.fr\/index.php\/wp-json\/wp\/v2\/pages\/358","targetHints":{"allow":["GET"]}}],"collection":[{"href":"https:\/\/vm-coaching.fr\/index.php\/wp-json\/wp\/v2\/pages"}],"about":[{"href":"https:\/\/vm-coaching.fr\/index.php\/wp-json\/wp\/v2\/types\/page"}],"author":[{"embeddable":true,"href":"https:\/\/vm-coaching.fr\/index.php\/wp-json\/wp\/v2\/users\/2"}],"replies":[{"embeddable":true,"href":"https:\/\/vm-coaching.fr\/index.php\/wp-json\/wp\/v2\/comments?post=358"}],"version-history":[{"count":15,"href":"https:\/\/vm-coaching.fr\/index.php\/wp-json\/wp\/v2\/pages\/358\/revisions"}],"predecessor-version":[{"id":1531,"href":"https:\/\/vm-coaching.fr\/index.php\/wp-json\/wp\/v2\/pages\/358\/revisions\/1531"}],"wp:featuredmedia":[{"embeddable":true,"href":"https:\/\/vm-coaching.fr\/index.php\/wp-json\/wp\/v2\/media\/1406"}],"wp:attachment":[{"href":"https:\/\/vm-coaching.fr\/index.php\/wp-json\/wp\/v2\/media?parent=358"}],"curies":[{"name":"wp","href":"https:\/\/api.w.org\/{rel}","templated":true}]}}